{"id":2,"date":"2026-01-21T15:18:00","date_gmt":"2026-01-21T15:18:00","guid":{"rendered":"https:\/\/kebabhut.rkinformatika.online\/?page_id=2"},"modified":"2026-01-23T10:13:43","modified_gmt":"2026-01-23T10:13:43","slug":"inicio","status":"publish","type":"page","link":"https:\/\/kebabhut.es\/en\/","title":{"rendered":"Home"},"content":{"rendered":"\t\t<div data-elementor-type=\"wp-page\" data-elementor-id=\"2\" class=\"elementor elementor-2\" data-elementor-post-type=\"page\">\n\t\t\t\t<div class=\"elementor-element elementor-element-9dfac1a e-flex e-con-boxed e-con e-parent\" data-id=\"9dfac1a\" data-element_type=\"container\" data-e-type=\"container\" data-settings=\"{&quot;background_background&quot;:&quot;slideshow&quot;,&quot;background_slideshow_gallery&quot;:[{&quot;id&quot;:138,&quot;url&quot;:&quot;https:\\\/\\\/kebabhut.es\\\/wp-content\\\/uploads\\\/2026\\\/01\\\/4812.jpg&quot;},{&quot;id&quot;:142,&quot;url&quot;:&quot;https:\\\/\\\/kebabhut.es\\\/wp-content\\\/uploads\\\/2026\\\/01\\\/1100.jpg&quot;},{&quot;id&quot;:143,&quot;url&quot;:&quot;https:\\\/\\\/kebabhut.es\\\/wp-content\\\/uploads\\\/2026\\\/01\\\/3013.jpg&quot;}],&quot;background_slideshow_lazyload&quot;:&quot;yes&quot;,&quot;background_slideshow_ken_burns&quot;:&quot;yes&quot;,&quot;background_slideshow_loop&quot;:&quot;yes&quot;,&quot;background_slideshow_slide_duration&quot;:5000,&quot;background_slideshow_slide_transition&quot;:&quot;fade&quot;,&quot;background_slideshow_transition_duration&quot;:500,&quot;background_slideshow_ken_burns_zoom_direction&quot;:&quot;in&quot;,&quot;background_motion_fx_devices&quot;:[&quot;desktop&quot;,&quot;tablet&quot;,&quot;mobile&quot;]}\">\n\t\t\t\t\t<div class=\"e-con-inner\">\n\t\t\t\t<div class=\"elementor-element elementor-element-3574402 elementor-invisible elementor-widget elementor-widget-heading\" data-id=\"3574402\" data-element_type=\"widget\" data-e-type=\"widget\" data-settings=\"{&quot;_animation&quot;:&quot;fadeIn&quot;,&quot;_animation_tablet&quot;:&quot;fadeIn&quot;,&quot;_animation_mobile&quot;:&quot;fadeIn&quot;}\" data-widget_type=\"heading.default\">\n\t\t\t\t\t<h2 class=\"elementor-heading-title elementor-size-default\">Kebab Hut<\/h2>\t\t\t\t<\/div>\n\t\t\t\t<div class=\"elementor-element elementor-element-45b6f5a elementor-widget elementor-widget-heading\" data-id=\"45b6f5a\" data-element_type=\"widget\" data-e-type=\"widget\" data-widget_type=\"heading.default\">\n\t\t\t\t\t<h2 class=\"elementor-heading-title elementor-size-default\">Restaurante de comida r\u00e1pida<\/h2>\t\t\t\t<\/div>\n\t\t\t\t\t<\/div>\n\t\t\t\t<\/div>\n\t\t<div class=\"elementor-element elementor-element-2e2e8f3 e-flex e-con-boxed e-con e-parent\" data-id=\"2e2e8f3\" data-element_type=\"container\" data-e-type=\"container\">\n\t\t\t\t\t<div class=\"e-con-inner\">\n\t\t<div class=\"elementor-element elementor-element-93f5795 e-con-full e-flex e-con e-child\" data-id=\"93f5795\" data-element_type=\"container\" data-e-type=\"container\">\n\t\t\t\t<div class=\"elementor-element elementor-element-acd66a2 elementor-widget elementor-widget-heading\" data-id=\"acd66a2\" data-element_type=\"widget\" data-e-type=\"widget\" data-widget_type=\"heading.default\">\n\t\t\t\t\t<h2 class=\"elementor-heading-title elementor-size-default\">Bienvenidos <\/h2>\t\t\t\t<\/div>\n\t\t\t\t<div class=\"elementor-element elementor-element-0354967 elementor-widget elementor-widget-text-editor\" data-id=\"0354967\" data-element_type=\"widget\" data-e-type=\"widget\" data-widget_type=\"text-editor.default\">\n\t\t\t\t\t\t\t\t\t<p><strong>Kebab Hut<\/strong> se ha convertido en una opci\u00f3n muy popular para disfrutar de un bocado r\u00e1pido y delicioso.<\/p><p>Suelen destacar por ofrecer porciones generosas y una excelente relaci\u00f3n calidad-precio, con un servicio amable y eficiente que facilita una experiencia agradable para todos.<\/p><p>Es un lugar ideal para quienes buscan una comida consistente y sabrosa.<\/p>\t\t\t\t\t\t\t\t<\/div>\n\t\t\t\t<\/div>\n\t\t<div class=\"elementor-element elementor-element-74e6c7b e-con-full e-flex e-con e-child\" data-id=\"74e6c7b\" data-element_type=\"container\" data-e-type=\"container\" data-settings=\"{&quot;background_background&quot;:&quot;classic&quot;}\">\n\t\t\t\t<div class=\"elementor-element elementor-element-0224c6e elementor-widget elementor-widget-spacer\" data-id=\"0224c6e\" data-element_type=\"widget\" data-e-type=\"widget\" data-widget_type=\"spacer.default\">\n\t\t\t\t\t\t\t<div class=\"elementor-spacer\">\n\t\t\t<div class=\"elementor-spacer-inner\"><\/div>\n\t\t<\/div>\n\t\t\t\t\t\t<\/div>\n\t\t\t\t<\/div>\n\t\t\t\t\t<\/div>\n\t\t\t\t<\/div>\n\t\t<div class=\"elementor-element elementor-element-53526bd e-flex e-con-boxed e-con e-parent\" data-id=\"53526bd\" data-element_type=\"container\" data-e-type=\"container\" data-settings=\"{&quot;background_background&quot;:&quot;classic&quot;}\">\n\t\t\t\t\t<div class=\"e-con-inner\">\n\t\t\t\t<div class=\"elementor-element elementor-element-e6113a4 elementor-invisible elementor-widget elementor-widget-heading\" data-id=\"e6113a4\" data-element_type=\"widget\" data-e-type=\"widget\" data-settings=\"{&quot;_animation&quot;:&quot;fadeInLeft&quot;}\" data-widget_type=\"heading.default\">\n\t\t\t\t\t<h2 class=\"elementor-heading-title elementor-size-default\">\u00a1M\u00e1s rollo, m\u00e1s salsa, m\u00e1s alegr\u00eda: as\u00ed se come aqu\u00ed!<\/h2>\t\t\t\t<\/div>\n\t\t\t\t<div class=\"elementor-element elementor-element-58b60fd elementor-align-center elementor-widget elementor-widget-button\" data-id=\"58b60fd\" data-element_type=\"widget\" data-e-type=\"widget\" data-widget_type=\"button.default\">\n\t\t\t\t\t\t\t\t\t\t<a class=\"elementor-button elementor-button-link elementor-size-sm elementor-animation-pop\" href=\"\/servicios\">\n\t\t\t\t\t\t<span class=\"elementor-button-content-wrapper\">\n\t\t\t\t\t\t\t\t\t<span class=\"elementor-button-text\">Servicios<\/span>\n\t\t\t\t\t<\/span>\n\t\t\t\t\t<\/a>\n\t\t\t\t\t\t\t\t<\/div>\n\t\t\t\t\t<\/div>\n\t\t\t\t<\/div>\n\t\t\t\t<\/div>\n\t\t","protected":false},"excerpt":{"rendered":"<p>Kebab Hut Restaurante de comida r\u00e1pida Bienvenidos Kebab Hut se ha convertido en una opci\u00f3n muy popular para disfrutar de un bocado r\u00e1pido y delicioso. Suelen destacar por ofrecer porciones generosas y una excelente relaci\u00f3n calidad-precio, con un servicio amable y eficiente que facilita una experiencia agradable para todos. Es un lugar ideal para quienes [&hellip;]<\/p>\n","protected":false},"author":1,"featured_media":0,"parent":0,"menu_order":0,"comment_status":"closed","ping_status":"closed","template":"elementor_canvas","meta":{"footnotes":""},"class_list":["post-2","page","type-page","status-publish","hentry"],"yoast_head":"<!-- This site is optimized with the Yoast SEO plugin v27.4 - https:\/\/yoast.com\/product\/yoast-seo-wordpress\/ -->\n<title>Inicio - Kebab Hut<\/title>\n<meta name=\"robots\" content=\"index, follow, max-snippet:-1, max-image-preview:large, max-video-preview:-1\" \/>\n<link rel=\"canonical\" href=\"https:\/\/kebabhut.es\/en\/\" \/>\n<meta property=\"og:locale\" content=\"en_GB\" \/>\n<meta property=\"og:type\" content=\"article\" \/>\n<meta property=\"og:title\" content=\"Inicio - Kebab Hut\" \/>\n<meta property=\"og:description\" content=\"Kebab Hut Restaurante de comida r\u00e1pida Bienvenidos Kebab Hut se ha convertido en una opci\u00f3n muy popular para disfrutar de un bocado r\u00e1pido y delicioso. Suelen destacar por ofrecer porciones generosas y una excelente relaci\u00f3n calidad-precio, con un servicio amable y eficiente que facilita una experiencia agradable para todos. Es un lugar ideal para quienes [&hellip;]\" \/>\n<meta property=\"og:url\" content=\"https:\/\/kebabhut.es\/en\/\" \/>\n<meta property=\"og:site_name\" content=\"Kebab Hut\" \/>\n<meta property=\"article:modified_time\" content=\"2026-01-23T10:13:43+00:00\" \/>\n<meta name=\"twitter:card\" content=\"summary_large_image\" \/>\n<meta name=\"twitter:label1\" content=\"Estimated reading time\" \/>\n\t<meta name=\"twitter:data1\" content=\"1 minute\" \/>\n<script type=\"application\/ld+json\" class=\"yoast-schema-graph\">{\"@context\":\"https:\\\/\\\/schema.org\",\"@graph\":[{\"@type\":\"WebPage\",\"@id\":\"https:\\\/\\\/kebabhut.es\\\/\",\"url\":\"https:\\\/\\\/kebabhut.es\\\/\",\"name\":\"Inicio - Kebab Hut\",\"isPartOf\":{\"@id\":\"https:\\\/\\\/kebabhut.es\\\/#website\"},\"datePublished\":\"2026-01-21T15:18:00+00:00\",\"dateModified\":\"2026-01-23T10:13:43+00:00\",\"breadcrumb\":{\"@id\":\"https:\\\/\\\/kebabhut.es\\\/#breadcrumb\"},\"inLanguage\":\"en-GB\",\"potentialAction\":[{\"@type\":\"ReadAction\",\"target\":[\"https:\\\/\\\/kebabhut.es\\\/\"]}]},{\"@type\":\"BreadcrumbList\",\"@id\":\"https:\\\/\\\/kebabhut.es\\\/#breadcrumb\",\"itemListElement\":[{\"@type\":\"ListItem\",\"position\":1,\"name\":\"Portada\",\"item\":\"https:\\\/\\\/kebabhut.es\\\/\"},{\"@type\":\"ListItem\",\"position\":2,\"name\":\"Inicio\"}]},{\"@type\":\"WebSite\",\"@id\":\"https:\\\/\\\/kebabhut.es\\\/#website\",\"url\":\"https:\\\/\\\/kebabhut.es\\\/\",\"name\":\"Kebab Hut\",\"description\":\"Kebab Hut\",\"publisher\":{\"@id\":\"https:\\\/\\\/kebabhut.es\\\/#organization\"},\"potentialAction\":[{\"@type\":\"SearchAction\",\"target\":{\"@type\":\"EntryPoint\",\"urlTemplate\":\"https:\\\/\\\/kebabhut.es\\\/?s={search_term_string}\"},\"query-input\":{\"@type\":\"PropertyValueSpecification\",\"valueRequired\":true,\"valueName\":\"search_term_string\"}}],\"inLanguage\":\"en-GB\"},{\"@type\":\"Organization\",\"@id\":\"https:\\\/\\\/kebabhut.es\\\/#organization\",\"name\":\"Kebab Hut\",\"url\":\"https:\\\/\\\/kebabhut.es\\\/\",\"logo\":{\"@type\":\"ImageObject\",\"inLanguage\":\"en-GB\",\"@id\":\"https:\\\/\\\/kebabhut.es\\\/#\\\/schema\\\/logo\\\/image\\\/\",\"url\":\"https:\\\/\\\/kebabhut.es\\\/wp-content\\\/uploads\\\/2026\\\/01\\\/logo_web.png\",\"contentUrl\":\"https:\\\/\\\/kebabhut.es\\\/wp-content\\\/uploads\\\/2026\\\/01\\\/logo_web.png\",\"width\":1080,\"height\":332,\"caption\":\"Kebab Hut\"},\"image\":{\"@id\":\"https:\\\/\\\/kebabhut.es\\\/#\\\/schema\\\/logo\\\/image\\\/\"}}]}<\/script>\n<!-- \/ Yoast SEO plugin. -->","yoast_head_json":{"title":"Inicio - Kebab Hut","robots":{"index":"index","follow":"follow","max-snippet":"max-snippet:-1","max-image-preview":"max-image-preview:large","max-video-preview":"max-video-preview:-1"},"canonical":"https:\/\/kebabhut.es\/en\/","og_locale":"en_GB","og_type":"article","og_title":"Inicio - Kebab Hut","og_description":"Kebab Hut Restaurante de comida r\u00e1pida Bienvenidos Kebab Hut se ha convertido en una opci\u00f3n muy popular para disfrutar de un bocado r\u00e1pido y delicioso. Suelen destacar por ofrecer porciones generosas y una excelente relaci\u00f3n calidad-precio, con un servicio amable y eficiente que facilita una experiencia agradable para todos. Es un lugar ideal para quienes [&hellip;]","og_url":"https:\/\/kebabhut.es\/en\/","og_site_name":"Kebab Hut","article_modified_time":"2026-01-23T10:13:43+00:00","twitter_card":"summary_large_image","twitter_misc":{"Estimated reading time":"1 minute"},"schema":{"@context":"https:\/\/schema.org","@graph":[{"@type":"WebPage","@id":"https:\/\/kebabhut.es\/","url":"https:\/\/kebabhut.es\/","name":"Inicio - Kebab Hut","isPartOf":{"@id":"https:\/\/kebabhut.es\/#website"},"datePublished":"2026-01-21T15:18:00+00:00","dateModified":"2026-01-23T10:13:43+00:00","breadcrumb":{"@id":"https:\/\/kebabhut.es\/#breadcrumb"},"inLanguage":"en-GB","potentialAction":[{"@type":"ReadAction","target":["https:\/\/kebabhut.es\/"]}]},{"@type":"BreadcrumbList","@id":"https:\/\/kebabhut.es\/#breadcrumb","itemListElement":[{"@type":"ListItem","position":1,"name":"Portada","item":"https:\/\/kebabhut.es\/"},{"@type":"ListItem","position":2,"name":"Inicio"}]},{"@type":"WebSite","@id":"https:\/\/kebabhut.es\/#website","url":"https:\/\/kebabhut.es\/","name":"Kebab Hut","description":"Kebab Hut","publisher":{"@id":"https:\/\/kebabhut.es\/#organization"},"potentialAction":[{"@type":"SearchAction","target":{"@type":"EntryPoint","urlTemplate":"https:\/\/kebabhut.es\/?s={search_term_string}"},"query-input":{"@type":"PropertyValueSpecification","valueRequired":true,"valueName":"search_term_string"}}],"inLanguage":"en-GB"},{"@type":"Organization","@id":"https:\/\/kebabhut.es\/#organization","name":"Kebab Hut","url":"https:\/\/kebabhut.es\/","logo":{"@type":"ImageObject","inLanguage":"en-GB","@id":"https:\/\/kebabhut.es\/#\/schema\/logo\/image\/","url":"https:\/\/kebabhut.es\/wp-content\/uploads\/2026\/01\/logo_web.png","contentUrl":"https:\/\/kebabhut.es\/wp-content\/uploads\/2026\/01\/logo_web.png","width":1080,"height":332,"caption":"Kebab Hut"},"image":{"@id":"https:\/\/kebabhut.es\/#\/schema\/logo\/image\/"}}]}},"_links":{"self":[{"href":"https:\/\/kebabhut.es\/en\/wp-json\/wp\/v2\/pages\/2","targetHints":{"allow":["GET"]}}],"collection":[{"href":"https:\/\/kebabhut.es\/en\/wp-json\/wp\/v2\/pages"}],"about":[{"href":"https:\/\/kebabhut.es\/en\/wp-json\/wp\/v2\/types\/page"}],"author":[{"embeddable":true,"href":"https:\/\/kebabhut.es\/en\/wp-json\/wp\/v2\/users\/1"}],"replies":[{"embeddable":true,"href":"https:\/\/kebabhut.es\/en\/wp-json\/wp\/v2\/comments?post=2"}],"version-history":[{"count":85,"href":"https:\/\/kebabhut.es\/en\/wp-json\/wp\/v2\/pages\/2\/revisions"}],"predecessor-version":[{"id":398,"href":"https:\/\/kebabhut.es\/en\/wp-json\/wp\/v2\/pages\/2\/revisions\/398"}],"wp:attachment":[{"href":"https:\/\/kebabhut.es\/en\/wp-json\/wp\/v2\/media?parent=2"}],"curies":[{"name":"wp","href":"https:\/\/api.w.org\/{rel}","templated":true}]}}